{"id":203,"date":"2020-01-30T07:42:03","date_gmt":"2020-01-30T07:42:03","guid":{"rendered":"http:\/\/cjwsqvl.cluster100.hosting.ovh.net\/?page_id=203"},"modified":"2025-01-07T20:53:03","modified_gmt":"2025-01-07T20:53:03","slug":"atelier-enfant","status":"publish","type":"page","link":"https:\/\/www.lecirqueenherbe.com\/index.php\/atelier-enfant\/","title":{"rendered":"Ateliers enfants"},"content":{"rendered":"\n<p class=\"has-text-align-center has-vivid-green-cyan-color has-text-color has-large-font-size\"><\/p>\n\n\n\n<p class=\"has-text-align-center has-vivid-green-cyan-color has-text-color has-medium-font-size\"><\/p>\n\n\n\n<p><\/p>\n\n\n<div class=\"wp-block-image\">\n<figure class=\"aligncenter size-large\"><img loading=\"lazy\" decoding=\"async\" width=\"1024\" height=\"576\" src=\"http:\/\/cjwsqvl.cluster100.hosting.ovh.net\/wp-content\/uploads\/2020\/02\/20170515_165245-02-1024x576.jpg\" alt=\"\" class=\"wp-image-237\" srcset=\"https:\/\/www.lecirqueenherbe.com\/wp-content\/uploads\/2020\/02\/20170515_165245-02-1024x576.jpg 1024w, https:\/\/www.lecirqueenherbe.com\/wp-content\/uploads\/2020\/02\/20170515_165245-02-300x169.jpg 300w, https:\/\/www.lecirqueenherbe.com\/wp-content\/uploads\/2020\/02\/20170515_165245-02-768x432.jpg 768w, https:\/\/www.lecirqueenherbe.com\/wp-content\/uploads\/2020\/02\/20170515_165245-02-1536x864.jpg 1536w, https:\/\/www.lecirqueenherbe.com\/wp-content\/uploads\/2020\/02\/20170515_165245-02-2048x1152.jpg 2048w, https:\/\/www.lecirqueenherbe.com\/wp-content\/uploads\/2020\/02\/20170515_165245-02-1140x641.jpg 1140w\" sizes=\"auto, (max-width: 1024px) 100vw, 1024px\" \/><\/figure>\n<\/div>\n\n\n<p>Le cirque est un univers color\u00e9, festif et dynamique qui attire petits comme grands.&nbsp;<\/p>\n\n\n\n<p>\u00c0 travers <em><strong>l<\/strong><\/em><strong><em>a jonglerie, les a\u00e9riens, l&#8217;acrobatie, l&#8217;\u00e9quilibre et le jeu d&#8217;acteur,<\/em><\/strong> ces ateliers favorisent l&#8217;activit\u00e9 physique \u00e0 travers la cr\u00e9ativit\u00e9, la coordination, le partage &#8230; et la bonne humeur !<\/p>\n\n\n\n<p>L&#8217;atelier cirque enfant s\u2019articulent autour de quatre axes principaux :&nbsp;<\/p>\n\n\n\n<ul class=\"wp-block-list\">\n<li><strong>la motricit\u00e9<\/strong> : <\/li>\n\n\n\n<li><strong>la cr\u00e9ativit\u00e9: <\/strong><\/li>\n\n\n\n<li><strong>l&#8217;expression : <\/strong><\/li>\n\n\n\n<li><strong>le relationnel :<\/strong><\/li>\n<\/ul>\n\n\n\n<p>Sous la bienveillance d&#8217;un professionnel du cirque, l&#8217;enfant pourra de mani\u00e8re ludique et en toute s\u00e9curit\u00e9, d\u00e9couvrir cet art qui lui ouvrira les portes d&#8217;un univers aux possibilit\u00e9s de jeux et de cr\u00e9ation infinis.<\/p>\n\n\n\n<p class=\"has-text-align-center has-light-green-cyan-color has-text-color has-medium-font-size\"><\/p>\n","protected":false},"excerpt":{"rendered":"<p>Le cirque est un univers color\u00e9, festif et dynamique qui attire petits comme grands.&nbsp; \u00c0 travers la jonglerie, les a\u00e9riens, l&#8217;acrobatie, l&#8217;\u00e9quilibre et le jeu d&#8217;acteur, ces ateliers favorisent l&#8217;activit\u00e9 physique \u00e0 travers la cr\u00e9ativit\u00e9, la coordination, le partage &#8230; et la bonne humeur ! L&#8217;atelier cirque enfant s\u2019articulent autour de quatre axes principaux :&nbsp; Sous la bienveillance d&#8217;un professionnel du cirque, l&#8217;enfant pourra de mani\u00e8re ludique et en toute s\u00e9curit\u00e9, d\u00e9couvrir cet art qui lui ouvrira les portes d&#8217;un univers aux possibilit\u00e9s de jeux et de cr\u00e9ation infinis.<\/p>\n","protected":false},"author":1,"featured_media":0,"parent":0,"menu_order":0,"comment_status":"open","ping_status":"closed","template":"","meta":{"footnotes":""},"class_list":["post-203","page","type-page","status-publish","hentry"],"_links":{"self":[{"href":"https:\/\/www.lecirqueenherbe.com\/index.php\/wp-json\/wp\/v2\/pages\/203","targetHints":{"allow":["GET"]}}],"collection":[{"href":"https:\/\/www.lecirqueenherbe.com\/index.php\/wp-json\/wp\/v2\/pages"}],"about":[{"href":"https:\/\/www.lecirqueenherbe.com\/index.php\/wp-json\/wp\/v2\/types\/page"}],"author":[{"embeddable":true,"href":"https:\/\/www.lecirqueenherbe.com\/index.php\/wp-json\/wp\/v2\/users\/1"}],"replies":[{"embeddable":true,"href":"https:\/\/www.lecirqueenherbe.com\/index.php\/wp-json\/wp\/v2\/comments?post=203"}],"version-history":[{"count":5,"href":"https:\/\/www.lecirqueenherbe.com\/index.php\/wp-json\/wp\/v2\/pages\/203\/revisions"}],"predecessor-version":[{"id":848,"href":"https:\/\/www.lecirqueenherbe.com\/index.php\/wp-json\/wp\/v2\/pages\/203\/revisions\/848"}],"wp:attachment":[{"href":"https:\/\/www.lecirqueenherbe.com\/index.php\/wp-json\/wp\/v2\/media?parent=203"}],"curies":[{"name":"wp","href":"https:\/\/api.w.org\/{rel}","templated":true}]}}