{"id":27,"date":"2019-11-24T20:34:46","date_gmt":"2019-11-24T20:34:46","guid":{"rendered":"http:\/\/cjwsqvl.cluster100.hosting.ovh.net\/?page_id=27"},"modified":"2025-01-07T20:55:09","modified_gmt":"2025-01-07T20:55:09","slug":"bienvenue","status":"publish","type":"page","link":"https:\/\/www.lecirqueenherbe.com\/","title":{"rendered":"Bienvenue"},"content":{"rendered":"\n<blockquote class=\"wp-block-quote has-text-align-center is-layout-flow wp-block-quote-is-layout-flow\">\n<p><strong>\u201c<em>Le Cirque s&#8217;\u00e9crit \u00e0 travers l&#8217;esprit et se met en forme \u00e0 travers le corps\u201d<\/em>.<\/strong><\/p>\n\n\n\n<p><strong>&#8211; Le Cirque en Herbe &#8211;<\/strong><\/p>\n<\/blockquote>\n\n\n\n<p><br> <br> <\/p>\n\n\n\n<p class=\"has-text-align-center has-medium-font-size\">Le cirque est un art complet qui passe par la libert\u00e9 du corps. <\/p>\n\n\n\n<p class=\"has-text-align-center has-medium-font-size\">\u00c0 travers ces diverses disciplines, les possibilit\u00e9s sont infinies et se limitent seulement \u00e0 la cr\u00e9ativit\u00e9 de celui qui l\u2019exerce.<\/p>\n\n\n\n<p class=\"has-text-align-center has-medium-font-size\">S\u2019amuser, jongler, voler, faire voler, la t\u00eate \u00e0 l\u2019endroit ou \u00e0 l\u2019envers&#8230;<br>Seul ou \u00e0&nbsp;plusieurs&#8230; Jeunes ou plus exp\u00e9riment\u00e9s&#8230; <br>Vous \u00eates tous les bienvenus dans ce monde que nous voulons sans r\u00e9elles limites!<\/p>\n\n\n\n<p class=\"has-text-align-center has-medium-font-size\">C&#8217;est pour cela que nous avons cr\u00e9\u00e9 le cirque en herbe : <br>Un cirque itin\u00e9rant sans fronti\u00e8re.<\/p>\n\n\n\n<p class=\"has-text-align-center has-medium-font-size\">Un cirque dont le seul facteur essentiel est : l&#8217;humain!<br><\/p>\n\n\n\n<p><br> <br> <\/p>\n\n\n\n<p class=\"has-text-align-center has-very-dark-gray-color has-text-color\"><\/p>\n\n\n\n<p class=\"has-text-align-center has-white-color has-black-background-color has-text-color has-background has-medium-font-size\">***<strong>ACTUALITES DU CIRQUE EN HERBE<\/strong> ***<\/p>\n\n\n\n<p>Restez connect\u00e9s &#8230; nous vous tiendrons inform\u00e9s des ateliers ou stage \u00e0 venir ! <\/p>\n\n\n\n<p class=\"has-text-align-center has-medium-font-size\"><\/p>\n\n\n\n<div class=\"wp-block-columns is-layout-flex wp-container-core-columns-is-layout-28f84493 wp-block-columns-is-layout-flex\">\n<div class=\"wp-block-column is-layout-flow wp-block-column-is-layout-flow\"><\/div>\n\n\n\n<div class=\"wp-block-column is-layout-flow wp-block-column-is-layout-flow\"><\/div>\n<\/div>\n\n\n\n<p><\/p>\n","protected":false},"excerpt":{"rendered":"<p>\u201cLe Cirque s&#8217;\u00e9crit \u00e0 travers l&#8217;esprit et se met en forme \u00e0 travers le corps\u201d. &#8211; Le Cirque en Herbe &#8211; Le cirque est un art complet qui passe par la libert\u00e9 du corps. \u00c0 travers ces diverses disciplines, les possibilit\u00e9s sont infinies et se limitent seulement \u00e0 la cr\u00e9ativit\u00e9 de celui qui l\u2019exerce. S\u2019amuser, jongler, voler, faire voler, la t\u00eate \u00e0 l\u2019endroit ou \u00e0 l\u2019envers&#8230;Seul ou \u00e0&nbsp;plusieurs&#8230; Jeunes ou plus exp\u00e9riment\u00e9s&#8230; Vous \u00eates tous les bienvenus dans ce monde que nous voulons sans r\u00e9elles limites! C&#8217;est pour cela que nous avons cr\u00e9\u00e9 le cirque en herbe : Un cirque itin\u00e9rant sans fronti\u00e8re. Un cirque dont le seul facteur essentiel est : l&#8217;humain! ***ACTUALITES DU CIRQUE EN HERBE *** Restez connect\u00e9s &#8230; nous vous tiendrons inform\u00e9s des ateliers ou stage \u00e0 venir !<\/p>\n","protected":false},"author":1,"featured_media":0,"parent":0,"menu_order":0,"comment_status":"closed","ping_status":"closed","template":"","meta":{"footnotes":""},"class_list":["post-27","page","type-page","status-publish","hentry"],"_links":{"self":[{"href":"https:\/\/www.lecirqueenherbe.com\/index.php\/wp-json\/wp\/v2\/pages\/27","targetHints":{"allow":["GET"]}}],"collection":[{"href":"https:\/\/www.lecirqueenherbe.com\/index.php\/wp-json\/wp\/v2\/pages"}],"about":[{"href":"https:\/\/www.lecirqueenherbe.com\/index.php\/wp-json\/wp\/v2\/types\/page"}],"author":[{"embeddable":true,"href":"https:\/\/www.lecirqueenherbe.com\/index.php\/wp-json\/wp\/v2\/users\/1"}],"replies":[{"embeddable":true,"href":"https:\/\/www.lecirqueenherbe.com\/index.php\/wp-json\/wp\/v2\/comments?post=27"}],"version-history":[{"count":7,"href":"https:\/\/www.lecirqueenherbe.com\/index.php\/wp-json\/wp\/v2\/pages\/27\/revisions"}],"predecessor-version":[{"id":850,"href":"https:\/\/www.lecirqueenherbe.com\/index.php\/wp-json\/wp\/v2\/pages\/27\/revisions\/850"}],"wp:attachment":[{"href":"https:\/\/www.lecirqueenherbe.com\/index.php\/wp-json\/wp\/v2\/media?parent=27"}],"curies":[{"name":"wp","href":"https:\/\/api.w.org\/{rel}","templated":true}]}}