{"id":283,"date":"2020-02-05T20:21:05","date_gmt":"2020-02-05T20:21:05","guid":{"rendered":"http:\/\/cjwsqvl.cluster100.hosting.ovh.net\/?page_id=283"},"modified":"2025-01-07T21:12:07","modified_gmt":"2025-01-07T21:12:07","slug":"atelier-pluridisciplinaire","status":"publish","type":"page","link":"https:\/\/www.lecirqueenherbe.com\/index.php\/atelier-pluridisciplinaire\/","title":{"rendered":"Ateliers pluridisciplinaire"},"content":{"rendered":"\n<p class=\"has-text-align-center has-vivid-green-cyan-color has-text-color has-large-font-size\"><strong> <\/strong><\/p>\n\n\n\n<p><\/p>\n\n\n\n<p><\/p>\n\n\n\n<p><\/p>\n\n\n\n<p><\/p>\n\n\n\n<p><\/p>\n\n\n\n<p><\/p>\n\n\n\n<p class=\"has-text-align-center has-vivid-green-cyan-color has-text-color has-large-font-size\"><strong>MARSEILLE<\/strong><\/p>\n\n\n\n<p class=\"has-text-align-center has-vivid-green-cyan-color has-text-color has-large-font-size\"><strong>SAISON 2024\/2025<\/strong><\/p>\n\n\n\n<p class=\"has-text-align-center has-vivid-red-color has-text-color\"><strong>INSCRIPTIONS OUVERTES<\/strong><\/p>\n\n\n\n<p class=\"has-text-align-center\"><strong>Les Mercredis matin, au Centre Social Estaque Gare<\/strong>&nbsp;&nbsp;<\/p>\n\n\n\n<p class=\"has-text-align-center\"><em>1 rue Jean-Jacques Vernazza, 13016 Marseille&nbsp;&nbsp;<\/em><\/p>\n\n\n\n<p class=\"has-text-align-center\">De 9h \u00e0 10h&nbsp;&nbsp; : pour les enfants de 2 \u00e0 5 ans&nbsp;&nbsp;(avec un accompagnant pour les enfants de 2 ans)<\/p>\n\n\n\n<p class=\"has-text-align-center\">De 10h \u00e0 11h : pour les enfants de 6 \u00e0 9 ans<\/p>\n\n\n\n<p class=\"has-text-align-center\">De 11h \u00e0 12 : \u00e0 partir de 10 ans (cours avanc\u00e9)&nbsp;<\/p>\n\n\n\n<p><\/p>\n\n\n\n<p><\/p>\n\n\n\n<p class=\"has-text-align-center\"><strong>Les Jeudis soir, \u00e0 la MMA de Saint Andr\u00e9&nbsp;<\/strong><\/p>\n\n\n\n<p class=\"has-text-align-center\"><em>11 Boulevard Jean-Labro, 13016 Marseille&nbsp;&nbsp;<\/em><\/p>\n\n\n\n<p class=\"has-text-align-center\">De 17h \u00e0 18h : pour les enfants de 3 \u00e0 6 ans&nbsp;<\/p>\n\n\n\n<p class=\"has-text-align-center\">De 18h \u00e0 19h : pour les enfants de 7 \u00e0 11 ans&nbsp;<\/p>\n\n\n\n<p class=\"has-text-align-center\">De 19h \u00e0 20h : pour les Ados et Adultes&nbsp;&nbsp;<\/p>\n\n\n\n<p class=\"has-text-align-center has-vivid-red-color has-text-color has-medium-font-size\">Inscriptions \u00e0 partir du 28 juin 2023&nbsp;<\/p>\n\n\n\n<p class=\"has-text-align-center has-vivid-red-color has-text-color\">Whatsapp ou Tel  : <a href=\"https:\/\/wa.me\/330769375268\">0769375268<\/a>&nbsp;\/ ou par email <a href=\"contact@cjwsqvl.cluster100.hosting.ovh.net\" data-type=\"URL\" data-id=\"contact@cjwsqvl.cluster100.hosting.ovh.net\">ici<\/a><\/p>\n\n\n\n<p class=\"has-text-align-center has-vivid-green-cyan-color has-text-color has-medium-font-size\"><strong> <\/strong><\/p>\n\n\n\n<figure class=\"wp-block-image size-large\"><img loading=\"lazy\" decoding=\"async\" width=\"1024\" height=\"576\" src=\"http:\/\/cjwsqvl.cluster100.hosting.ovh.net\/wp-content\/uploads\/2020\/02\/20190510_193827-1-02-1024x576.jpg\" alt=\"\" class=\"wp-image-317\" srcset=\"https:\/\/www.lecirqueenherbe.com\/wp-content\/uploads\/2020\/02\/20190510_193827-1-02-1024x576.jpg 1024w, https:\/\/www.lecirqueenherbe.com\/wp-content\/uploads\/2020\/02\/20190510_193827-1-02-300x169.jpg 300w, https:\/\/www.lecirqueenherbe.com\/wp-content\/uploads\/2020\/02\/20190510_193827-1-02-768x432.jpg 768w, https:\/\/www.lecirqueenherbe.com\/wp-content\/uploads\/2020\/02\/20190510_193827-1-02-1536x864.jpg 1536w, https:\/\/www.lecirqueenherbe.com\/wp-content\/uploads\/2020\/02\/20190510_193827-1-02-2048x1152.jpg 2048w, https:\/\/www.lecirqueenherbe.com\/wp-content\/uploads\/2020\/02\/20190510_193827-1-02-1140x641.jpg 1140w\" sizes=\"auto, (max-width: 1024px) 100vw, 1024px\" \/><figcaption class=\"wp-element-caption\"><br><\/figcaption><\/figure>\n\n\n\n<p>Les ateliers pluridisciplinaires permettent l&#8217;exploration des diverses techniques de cirque. De l&#8217;initiation au perfectionnement, cet atelier permet la sensibilisation aux diff\u00e9rents agr\u00e9es du cirque. <\/p>\n\n\n\n<p>Les ateliers s\u2019articulent autour de cinq disciplines :<br>\u2013 L\u2019acrobatie<br>\u2013 L\u2019\u00e9quilibre sur objets<br>\u2013 La jonglerie<br>\u2013 L\u2019expression<br>\u2013 Les a\u00e9riens<\/p>\n\n\n\n<p>Du trap\u00e8ze aux balles de jonglage, des acrobaties aux monocycles, des port\u00e9s au tissu, nous pratiquons \u00e0 notre guise !<br>La libert\u00e9 de s&#8217;\u00e9vader, de partager de bon moment, de se d\u00e9passer soi-m\u00eame, d&#8217;apprendre dans la bonne humeur&#8230;<\/p>\n\n\n\n<p>Nos ateliers sont ouverts pour tous niveaux &#8230;<\/p>\n\n\n\n<p class=\"has-text-align-center has-light-green-cyan-color has-text-color has-medium-font-size\">Pour les inscriptions ou pour tous renseignements, n&#8217; h\u00e9sitez pas \u00e0 <a href=\"http:\/\/cjwsqvl.cluster100.hosting.ovh.net\/index.php\/contactez-nous\/\">nous contacter.<\/a><\/p>\n\n\n\n<figure class=\"wp-block-gallery has-nested-images columns-default is-cropped wp-block-gallery-1 is-layout-flex wp-block-gallery-is-layout-flex\"><\/figure>\n","protected":false},"excerpt":{"rendered":"<p>MARSEILLE SAISON 2024\/2025 INSCRIPTIONS OUVERTES Les Mercredis matin, au Centre Social Estaque Gare&nbsp;&nbsp; 1 rue Jean-Jacques Vernazza, 13016 Marseille&nbsp;&nbsp; De 9h \u00e0 10h&nbsp;&nbsp; : pour les enfants de 2 \u00e0 5 ans&nbsp;&nbsp;(avec un accompagnant pour les enfants de 2 ans) De 10h \u00e0 11h : pour les enfants de 6 \u00e0 9 ans De 11h \u00e0 12 : \u00e0 partir de 10 ans (cours avanc\u00e9)&nbsp; Les Jeudis soir, \u00e0 la MMA de Saint Andr\u00e9&nbsp; 11 Boulevard Jean-Labro, 13016 Marseille&nbsp;&nbsp; De 17h \u00e0 18h : pour les enfants de 3 \u00e0 6 ans&nbsp; De 18h \u00e0 19h : pour les enfants de 7 \u00e0 11 ans&nbsp; De 19h \u00e0 20h : pour les Ados et Adultes&nbsp;&nbsp; Inscriptions \u00e0 partir du 28 juin 2023&nbsp; Whatsapp ou Tel : 0769375268&nbsp;\/ ou par email ici Les ateliers pluridisciplinaires permettent l&#8217;exploration des diverses techniques de cirque. De l&#8217;initiation au perfectionnement, cet atelier permet la sensibilisation aux diff\u00e9rents agr\u00e9es du cirque. Les ateliers s\u2019articulent autour de cinq disciplines :\u2013 L\u2019acrobatie\u2013 L\u2019\u00e9quilibre sur objets\u2013 La jonglerie\u2013 L\u2019expression\u2013 Les a\u00e9riens Du trap\u00e8ze aux balles de jonglage, des acrobaties aux monocycles, des port\u00e9s au tissu, nous pratiquons \u00e0 notre guise !La libert\u00e9 de s&#8217;\u00e9vader, de partager de bon moment, de se d\u00e9passer soi-m\u00eame, d&#8217;apprendre dans la bonne humeur&#8230; Nos ateliers sont ouverts pour tous niveaux &#8230; Pour les inscriptions ou pour tous renseignements, n&#8217; h\u00e9sitez pas \u00e0 nous contacter.<\/p>\n","protected":false},"author":1,"featured_media":0,"parent":0,"menu_order":0,"comment_status":"closed","ping_status":"closed","template":"","meta":{"footnotes":""},"class_list":["post-283","page","type-page","status-publish","hentry"],"_links":{"self":[{"href":"https:\/\/www.lecirqueenherbe.com\/index.php\/wp-json\/wp\/v2\/pages\/283","targetHints":{"allow":["GET"]}}],"collection":[{"href":"https:\/\/www.lecirqueenherbe.com\/index.php\/wp-json\/wp\/v2\/pages"}],"about":[{"href":"https:\/\/www.lecirqueenherbe.com\/index.php\/wp-json\/wp\/v2\/types\/page"}],"author":[{"embeddable":true,"href":"https:\/\/www.lecirqueenherbe.com\/index.php\/wp-json\/wp\/v2\/users\/1"}],"replies":[{"embeddable":true,"href":"https:\/\/www.lecirqueenherbe.com\/index.php\/wp-json\/wp\/v2\/comments?post=283"}],"version-history":[{"count":8,"href":"https:\/\/www.lecirqueenherbe.com\/index.php\/wp-json\/wp\/v2\/pages\/283\/revisions"}],"predecessor-version":[{"id":856,"href":"https:\/\/www.lecirqueenherbe.com\/index.php\/wp-json\/wp\/v2\/pages\/283\/revisions\/856"}],"wp:attachment":[{"href":"https:\/\/www.lecirqueenherbe.com\/index.php\/wp-json\/wp\/v2\/media?parent=283"}],"curies":[{"name":"wp","href":"https:\/\/api.w.org\/{rel}","templated":true}]}}