{"id":34,"date":"2019-11-24T20:41:20","date_gmt":"2019-11-24T20:41:20","guid":{"rendered":"http:\/\/cjwsqvl.cluster100.hosting.ovh.net\/?page_id=34"},"modified":"2020-02-15T17:04:53","modified_gmt":"2020-02-15T17:04:53","slug":"a-travers-le-monde","status":"publish","type":"page","link":"https:\/\/www.lecirqueenherbe.com\/index.php\/a-travers-le-monde\/","title":{"rendered":"Les photos"},"content":{"rendered":"\n<p><\/p>\n\n\n\n<p class=\"has-text-align-center\">Ce qui est bien avec le cirque c&#8217;est que \u00e7a se savoure encore plus en se partageant!<\/p>\n\n\n\n<p class=\"has-text-align-center\">En se d\u00e9pla\u00e7ant de ville en ville, d&#8217;un pays \u00e0 un autre, d&#8217;un continent \u00e0 l&#8217;autre, Le Cirque en Herbe a eu la chance de s&#8217;impr\u00e9gner des couleurs et des cultures d&#8217;ailleurs &#8230; ou plut\u00f4t d&#8217;ici.<\/p>\n\n\n\n<p class=\"has-text-align-center\">Des rires d&#8217;enfants, aux fous rires d&#8217;adultes, c&#8217;est toujours un moment exceptionnel que de s&#8217;inspirer mutuellement dans un cadre qui ne rappelle en rien celui de la maison!<\/p>\n\n\n\n[Best_Wordpress_Gallery id=&#8221;11&#8243; gal_title=&#8221;a travers le monde&#8221;]\n\n\n\n<p><\/p>\n","protected":false},"excerpt":{"rendered":"<p>Ce qui est bien avec le cirque c&#8217;est que \u00e7a se savoure encore plus en se partageant! En se d\u00e9pla\u00e7ant de ville en ville, d&#8217;un pays \u00e0 un autre, d&#8217;un continent \u00e0 l&#8217;autre, Le Cirque en Herbe a eu la chance de s&#8217;impr\u00e9gner des couleurs et des cultures d&#8217;ailleurs &#8230; ou plut\u00f4t d&#8217;ici. Des rires d&#8217;enfants, aux fous rires d&#8217;adultes, c&#8217;est toujours un moment exceptionnel que de s&#8217;inspirer mutuellement dans un cadre qui ne rappelle en rien celui de la maison!<\/p>\n","protected":false},"author":1,"featured_media":0,"parent":0,"menu_order":0,"comment_status":"closed","ping_status":"closed","template":"","meta":{"footnotes":""},"class_list":["post-34","page","type-page","status-publish","hentry"],"_links":{"self":[{"href":"https:\/\/www.lecirqueenherbe.com\/index.php\/wp-json\/wp\/v2\/pages\/34","targetHints":{"allow":["GET"]}}],"collection":[{"href":"https:\/\/www.lecirqueenherbe.com\/index.php\/wp-json\/wp\/v2\/pages"}],"about":[{"href":"https:\/\/www.lecirqueenherbe.com\/index.php\/wp-json\/wp\/v2\/types\/page"}],"author":[{"embeddable":true,"href":"https:\/\/www.lecirqueenherbe.com\/index.php\/wp-json\/wp\/v2\/users\/1"}],"replies":[{"embeddable":true,"href":"https:\/\/www.lecirqueenherbe.com\/index.php\/wp-json\/wp\/v2\/comments?post=34"}],"version-history":[{"count":12,"href":"https:\/\/www.lecirqueenherbe.com\/index.php\/wp-json\/wp\/v2\/pages\/34\/revisions"}],"predecessor-version":[{"id":764,"href":"https:\/\/www.lecirqueenherbe.com\/index.php\/wp-json\/wp\/v2\/pages\/34\/revisions\/764"}],"wp:attachment":[{"href":"https:\/\/www.lecirqueenherbe.com\/index.php\/wp-json\/wp\/v2\/media?parent=34"}],"curies":[{"name":"wp","href":"https:\/\/api.w.org\/{rel}","templated":true}]}}