{"id":36,"date":"2019-11-24T20:41:50","date_gmt":"2019-11-24T20:41:50","guid":{"rendered":"http:\/\/cjwsqvl.cluster100.hosting.ovh.net\/?page_id=36"},"modified":"2020-02-16T14:04:01","modified_gmt":"2020-02-16T14:04:01","slug":"contactez-nous","status":"publish","type":"page","link":"https:\/\/www.lecirqueenherbe.com\/index.php\/contactez-nous\/","title":{"rendered":"Contactez-nous"},"content":{"rendered":"\n<p><\/p>\n\n\n\n<p>Des questions? N&#8217; h\u00e9sitez pas \u00e0 nous contacter. Nous ferons notre possible pour vous r\u00e9pondre au plus vite.<\/p>\n\n\n\n<p><br> <br> <\/p>\n\n\n\n\n<p><\/p>\n\n\n\n<p>          <\/p>\n\n\n\n<p>[contact-form-7 id=&#8221;59&#8243; title=&#8221;Contact form 1&#8243;]<\/p>\n","protected":false},"excerpt":{"rendered":"<p>Des questions? N&#8217; h\u00e9sitez pas \u00e0 nous contacter. Nous ferons notre possible pour vous r\u00e9pondre au plus vite. [contact-form-7 id=&#8221;59&#8243; title=&#8221;Contact form 1&#8243;]<\/p>\n","protected":false},"author":1,"featured_media":0,"parent":0,"menu_order":0,"comment_status":"closed","ping_status":"closed","template":"","meta":{"footnotes":""},"class_list":["post-36","page","type-page","status-publish","hentry"],"_links":{"self":[{"href":"https:\/\/www.lecirqueenherbe.com\/index.php\/wp-json\/wp\/v2\/pages\/36","targetHints":{"allow":["GET"]}}],"collection":[{"href":"https:\/\/www.lecirqueenherbe.com\/index.php\/wp-json\/wp\/v2\/pages"}],"about":[{"href":"https:\/\/www.lecirqueenherbe.com\/index.php\/wp-json\/wp\/v2\/types\/page"}],"author":[{"embeddable":true,"href":"https:\/\/www.lecirqueenherbe.com\/index.php\/wp-json\/wp\/v2\/users\/1"}],"replies":[{"embeddable":true,"href":"https:\/\/www.lecirqueenherbe.com\/index.php\/wp-json\/wp\/v2\/comments?post=36"}],"version-history":[{"count":8,"href":"https:\/\/www.lecirqueenherbe.com\/index.php\/wp-json\/wp\/v2\/pages\/36\/revisions"}],"predecessor-version":[{"id":780,"href":"https:\/\/www.lecirqueenherbe.com\/index.php\/wp-json\/wp\/v2\/pages\/36\/revisions\/780"}],"wp:attachment":[{"href":"https:\/\/www.lecirqueenherbe.com\/index.php\/wp-json\/wp\/v2\/media?parent=36"}],"curies":[{"name":"wp","href":"https:\/\/api.w.org\/{rel}","templated":true}]}}