{"id":69,"date":"2020-01-17T15:22:48","date_gmt":"2020-01-17T15:22:48","guid":{"rendered":"http:\/\/cjwsqvl.cluster100.hosting.ovh.net\/?page_id=69"},"modified":"2020-02-15T16:45:56","modified_gmt":"2020-02-15T16:45:56","slug":"objectifs-de-cirque-en-herbe","status":"publish","type":"page","link":"https:\/\/www.lecirqueenherbe.com\/index.php\/objectifs-de-cirque-en-herbe\/","title":{"rendered":"Nos objectifs"},"content":{"rendered":"\n<div class=\"wp-block-cover has-background-dim\" style=\"background-image:url(http:\/\/cjwsqvl.cluster100.hosting.ovh.net\/wp-content\/uploads\/2020\/02\/20160923_124554-01-scaled.jpeg)\"><div class=\"wp-block-cover__inner-container is-layout-flow wp-block-cover-is-layout-flow\">\n<p class=\"has-text-align-center has-large-font-size\"><\/p>\n<\/div><\/div>\n\n\n\n<p class=\"MsoNormal\">L\u2019objectif du Cirque en Herbe est l\u2019acc\u00e8s au cirque \u00e0 <strong>TOUS<\/strong> au-del\u00e0 des fronti\u00e8res.<\/p>\n\n\n\n<p class=\"MsoNormal\">Une \u00e9cole de cirque itin\u00e9rante qui va \u00e0 la rencontre des Circassiens du monde. <\/p>\n\n\n\n<p>Fond\u00e9e sur une p\u00e9dagogie ludique, imaginaire et artistique, la pratique des Arts du cirque est adapt\u00e9e aux besoins particuliers de chaque \u00e9l\u00e8ve, encourageant la convivialit\u00e9, l&#8217;esprit d&#8217;entraide, la solidarit\u00e9 et le respect.<\/p>\n\n\n\n<p>Dans une ambiance chaleureuse, Le Cirque en Herbe pratique ses ateliers de cirque sans regard ext\u00e9rieur afin de transmettre l&#8217;art du cirque dans l&#8217;univers des \u00e9l\u00e8ves : partie artistique comme partie technique&#8230; <\/p>\n\n\n\n<p>Le Cirque en Herbe s&#8217;inspire du cirque contemporain, o\u00f9 les diff\u00e9rents objets du cirque sont mis \u00e0 disposition de l&#8217;imaginaire du circassien. Nous favorisons la cr\u00e9ativit\u00e9 plut\u00f4t que la performance. Et nous utilisons le corps et les agr\u00e8s comme moyen d&#8217;expression.<\/p>\n\n\n\n<p>Notre objectif est de pouvoir  permettre cette forme d&#8217;expression \u00e0 TOUS !  Peu importe l&#8217;\u00e2ge, le statut social, la taille, la couleur de cheveux, la langue, &#8230;<\/p>\n\n\n\n<p>Nos objectifs tout au long de l&#8217;ann\u00e9e (\u00e0 travers nos ateliers, nos repr\u00e9sentations, ou nos \u00e9changes) sont : <strong>Le Partage &#8211; La Solidarit\u00e9 &#8211; Le Respect<\/strong><\/p>\n\n\n\n<p><\/p>\n\n\n\n<p><\/p>\n","protected":false},"excerpt":{"rendered":"<p>L\u2019objectif du Cirque en Herbe est l\u2019acc\u00e8s au cirque \u00e0 TOUS au-del\u00e0 des fronti\u00e8res. Une \u00e9cole de cirque itin\u00e9rante qui va \u00e0 la rencontre des Circassiens du monde. Fond\u00e9e sur une p\u00e9dagogie ludique, imaginaire et artistique, la pratique des Arts du cirque est adapt\u00e9e aux besoins particuliers de chaque \u00e9l\u00e8ve, encourageant la convivialit\u00e9, l&#8217;esprit d&#8217;entraide, la solidarit\u00e9 et le respect. Dans une ambiance chaleureuse, Le Cirque en Herbe pratique ses ateliers de cirque sans regard ext\u00e9rieur afin de transmettre l&#8217;art du cirque dans l&#8217;univers des \u00e9l\u00e8ves : partie artistique comme partie technique&#8230; Le Cirque en Herbe s&#8217;inspire du cirque contemporain, o\u00f9 les diff\u00e9rents objets du cirque sont mis \u00e0 disposition de l&#8217;imaginaire du circassien. Nous favorisons la cr\u00e9ativit\u00e9 plut\u00f4t que la performance. Et nous utilisons le corps et les agr\u00e8s comme moyen d&#8217;expression. Notre objectif est de pouvoir permettre cette forme d&#8217;expression \u00e0 TOUS ! Peu importe l&#8217;\u00e2ge, le statut social, la taille, la couleur de cheveux, la langue, &#8230; Nos objectifs tout au long de l&#8217;ann\u00e9e (\u00e0 travers nos ateliers, nos repr\u00e9sentations, ou nos \u00e9changes) sont : Le Partage &#8211; La Solidarit\u00e9 &#8211; Le Respect<\/p>\n","protected":false},"author":1,"featured_media":0,"parent":0,"menu_order":0,"comment_status":"closed","ping_status":"closed","template":"","meta":{"footnotes":""},"class_list":["post-69","page","type-page","status-publish","hentry"],"_links":{"self":[{"href":"https:\/\/www.lecirqueenherbe.com\/index.php\/wp-json\/wp\/v2\/pages\/69","targetHints":{"allow":["GET"]}}],"collection":[{"href":"https:\/\/www.lecirqueenherbe.com\/index.php\/wp-json\/wp\/v2\/pages"}],"about":[{"href":"https:\/\/www.lecirqueenherbe.com\/index.php\/wp-json\/wp\/v2\/types\/page"}],"author":[{"embeddable":true,"href":"https:\/\/www.lecirqueenherbe.com\/index.php\/wp-json\/wp\/v2\/users\/1"}],"replies":[{"embeddable":true,"href":"https:\/\/www.lecirqueenherbe.com\/index.php\/wp-json\/wp\/v2\/comments?post=69"}],"version-history":[{"count":12,"href":"https:\/\/www.lecirqueenherbe.com\/index.php\/wp-json\/wp\/v2\/pages\/69\/revisions"}],"predecessor-version":[{"id":754,"href":"https:\/\/www.lecirqueenherbe.com\/index.php\/wp-json\/wp\/v2\/pages\/69\/revisions\/754"}],"wp:attachment":[{"href":"https:\/\/www.lecirqueenherbe.com\/index.php\/wp-json\/wp\/v2\/media?parent=69"}],"curies":[{"name":"wp","href":"https:\/\/api.w.org\/{rel}","templated":true}]}}