{"id":71,"date":"2020-01-17T15:23:28","date_gmt":"2020-01-17T15:23:28","guid":{"rendered":"http:\/\/cjwsqvl.cluster100.hosting.ovh.net\/?page_id=71"},"modified":"2020-02-15T16:52:54","modified_gmt":"2020-02-15T16:52:54","slug":"nos-valeurs","status":"publish","type":"page","link":"https:\/\/www.lecirqueenherbe.com\/index.php\/nos-valeurs\/","title":{"rendered":"Nos Valeurs"},"content":{"rendered":"\n<figure class=\"wp-block-image size-large\"><img loading=\"lazy\" decoding=\"async\" width=\"900\" height=\"492\" src=\"http:\/\/cjwsqvl.cluster100.hosting.ovh.net\/wp-content\/uploads\/2020\/01\/IMG_20170830_092234_002-e1580935971755.jpg\" alt=\"\" class=\"wp-image-119\" srcset=\"https:\/\/www.lecirqueenherbe.com\/wp-content\/uploads\/2020\/01\/IMG_20170830_092234_002-e1580935971755.jpg 900w, https:\/\/www.lecirqueenherbe.com\/wp-content\/uploads\/2020\/01\/IMG_20170830_092234_002-e1580935971755-300x164.jpg 300w, https:\/\/www.lecirqueenherbe.com\/wp-content\/uploads\/2020\/01\/IMG_20170830_092234_002-e1580935971755-768x420.jpg 768w\" sizes=\"auto, (max-width: 900px) 100vw, 900px\" \/><\/figure>\n\n\n\n<p>\u00ab<em>Le cirque est un art, il s\u2019enseigne dans le respect de la personne<\/em>\u00bb telle est la devise de la F\u00e9d\u00e9ration fran\u00e7aise des \u00e9coles de cirque. <\/p>\n\n\n\n<p>\u00ab\u00a0Le cirque est un art\u00a0\u00bb, c\u2019est-\u00e0-dire que chacun est libre de s\u2019exprimer de mani\u00e8re <strong>libre<\/strong>, <strong>authentique<\/strong> et m\u00eame <strong>po\u00e9tique<\/strong>. Le cirque ne se mesure pas et favorise l\u2019entraide plut\u00f4t que la comp\u00e9tition. Le cirque s\u2019exprime librement et surtout dans le respect de l\u2019autre et de soi.<\/p>\n\n\n\n<p>Le Cirque en Herbe place une importance sur<strong> la transmission et le partage <\/strong>\u00e0 travers le cirque. Il place \u00e9galement un point d\u2019honneur sur le respect de chaque personne au-del\u00e0 des diff\u00e9rences et des ressemblances.<\/p>\n\n\n\n<p>Au cours de ses nombreux voyages, Le Cirque en Herbe se rend souvent compte que les circassiens sont partout et sous toute forme. En effet,  la pratique du cirque est souvent en ad\u00e9quation avec les capacit\u00e9s du corps que chacun exerce \u00e0 sa fa\u00e7on.<\/p>\n\n\n\n<p>En s\u2019effor\u00e7ant de toujours rester en \u00e9troite collaboration avec les acteurs locaux, l\u2019association du Cirque en Herbe se permet de donner des directives, ou une ligne de conduite, \u00e0 travers les techniques de base qui suivent et prot\u00e8gent la logique du corps.<\/p>\n\n\n\n<p>Il convient ensuite \u00e0 chacun de s\u2019approprier ces techniques afin\nde donner libre cours \u00e0 sa propre cr\u00e9ativit\u00e9.<\/p>\n\n\n\n<p>Ainsi, Le Cirque en Herbe est ouvert \u00e0 <strong>toute personne<\/strong> d\u00e9sireuse d\u2019apprendre. Et il s\u2019efforce de vous donner tous les outils possibles \u00e0 votre \u00e9panouissement \u00e0 travers le cirque.<\/p>\n","protected":false},"excerpt":{"rendered":"<p>\u00abLe cirque est un art, il s\u2019enseigne dans le respect de la personne\u00bb telle est la devise de la F\u00e9d\u00e9ration fran\u00e7aise des \u00e9coles de cirque. \u00ab\u00a0Le cirque est un art\u00a0\u00bb, c\u2019est-\u00e0-dire que chacun est libre de s\u2019exprimer de mani\u00e8re libre, authentique et m\u00eame po\u00e9tique. Le cirque ne se mesure pas et favorise l\u2019entraide plut\u00f4t que la comp\u00e9tition. Le cirque s\u2019exprime librement et surtout dans le respect de l\u2019autre et de soi. Le Cirque en Herbe place une importance sur la transmission et le partage \u00e0 travers le cirque. Il place \u00e9galement un point d\u2019honneur sur le respect de chaque personne au-del\u00e0 des diff\u00e9rences et des ressemblances. Au cours de ses nombreux voyages, Le Cirque en Herbe se rend souvent compte que les circassiens sont partout et sous toute forme. En effet, la pratique du cirque est souvent en ad\u00e9quation avec les capacit\u00e9s du corps que chacun exerce \u00e0 sa fa\u00e7on. En s\u2019effor\u00e7ant de toujours rester en \u00e9troite collaboration avec les acteurs locaux, l\u2019association du Cirque en Herbe se permet de donner des directives, ou une ligne de conduite, \u00e0 travers les techniques de base qui suivent et prot\u00e8gent la logique du corps. Il convient ensuite \u00e0 chacun de s\u2019approprier ces techniques afin de donner libre cours \u00e0 sa propre cr\u00e9ativit\u00e9. Ainsi, Le Cirque en Herbe est ouvert \u00e0 toute personne d\u00e9sireuse d\u2019apprendre. Et il s\u2019efforce de vous donner tous les outils possibles \u00e0 votre \u00e9panouissement \u00e0 travers le cirque.<\/p>\n","protected":false},"author":1,"featured_media":0,"parent":0,"menu_order":0,"comment_status":"closed","ping_status":"closed","template":"","meta":{"footnotes":""},"class_list":["post-71","page","type-page","status-publish","hentry"],"_links":{"self":[{"href":"https:\/\/www.lecirqueenherbe.com\/index.php\/wp-json\/wp\/v2\/pages\/71","targetHints":{"allow":["GET"]}}],"collection":[{"href":"https:\/\/www.lecirqueenherbe.com\/index.php\/wp-json\/wp\/v2\/pages"}],"about":[{"href":"https:\/\/www.lecirqueenherbe.com\/index.php\/wp-json\/wp\/v2\/types\/page"}],"author":[{"embeddable":true,"href":"https:\/\/www.lecirqueenherbe.com\/index.php\/wp-json\/wp\/v2\/users\/1"}],"replies":[{"embeddable":true,"href":"https:\/\/www.lecirqueenherbe.com\/index.php\/wp-json\/wp\/v2\/comments?post=71"}],"version-history":[{"count":12,"href":"https:\/\/www.lecirqueenherbe.com\/index.php\/wp-json\/wp\/v2\/pages\/71\/revisions"}],"predecessor-version":[{"id":758,"href":"https:\/\/www.lecirqueenherbe.com\/index.php\/wp-json\/wp\/v2\/pages\/71\/revisions\/758"}],"wp:attachment":[{"href":"https:\/\/www.lecirqueenherbe.com\/index.php\/wp-json\/wp\/v2\/media?parent=71"}],"curies":[{"name":"wp","href":"https:\/\/api.w.org\/{rel}","templated":true}]}}