{"id":79,"date":"2020-01-17T15:39:50","date_gmt":"2020-01-17T15:39:50","guid":{"rendered":"http:\/\/cjwsqvl.cluster100.hosting.ovh.net\/?page_id=79"},"modified":"2020-02-15T17:06:34","modified_gmt":"2020-02-15T17:06:34","slug":"benin","status":"publish","type":"page","link":"https:\/\/www.lecirqueenherbe.com\/index.php\/benin\/","title":{"rendered":"Circo Benin (B\u00e9nin)"},"content":{"rendered":"\n<div class=\"wp-block-cover\" style=\"background-image:url(http:\/\/cjwsqvl.cluster100.hosting.ovh.net\/wp-content\/uploads\/2020\/01\/IMG-20170828-WA0012-01.jpeg)\"><div class=\"wp-block-cover__inner-container is-layout-flow wp-block-cover-is-layout-flow\">\n<p class=\"has-text-align-center has-large-font-size\"><\/p>\n<\/div><\/div>\n\n\n\n<p><\/p>\n\n\n\n<p><\/p>\n\n\n\n<p>L&#8217;\u00e9t\u00e9 2017, c&#8217;est une rencontre quelque peu hasardeuse qui r\u00e9unit <strong>Circo B\u00e9nin<\/strong> et Le Cirque en Herbe \u00e0 Cotonou. Les deux associations \u00e9changent sur leurs ambitions d&#8217;exporter les Arts du cirque dans le monde. Et pourquoi ne pas commencer au B\u00e9nin? L\u00e0 o\u00f9 Circo B\u00e9nin avait d\u00e9j\u00e0 men\u00e9 son bout de chemin depuis quelques ann\u00e9es.<br>Ils s&#8217;associent donc le temps du projet \u00ab&nbsp;<strong><em>La 1\u00e8re Convention Africaine de Jonglerie&nbsp;<\/em><\/strong>\u00bb.<br>Les retours sont plus que positifs. Le soutien des acteurs locaux, associ\u00e9 \u00e0 la motivation et \u00e0&nbsp;l&#8217;enthousiasme des jeunes circassiens b\u00e9ninois, les marqueront \u00e0 jamais. Ils d\u00e9cident donc de joindre leurs forces vers un but commun :<strong><em> l\u2019\u00e9closion du cirque au B\u00e9nin<\/em><\/strong>. <\/p>\n\n\n\n<p>En 2018, Circo Benin a organis\u00e9 avec succ\u00e8s la seconde \u00e9dition de la &#8220;Convention Africaine de Jonglerie&#8221; .<\/p>\n\n\n\n<p>Les deux associations esp\u00e8rent joindre leurs forces tr\u00e8s prochainement pour construire ensemble un nouveau projet.<\/p>\n\n\n\n<p><\/p>\n\n\n\n<div class=\"wp-block-image\"><figure class=\"aligncenter is-resized\"><img loading=\"lazy\" decoding=\"async\" src=\"http:\/\/cjwsqvl.cluster100.hosting.ovh.net\/wp-content\/uploads\/2020\/01\/IMG_20170911_174551_886-819x1024.jpg\" alt=\"\" class=\"wp-image-121\" width=\"206\" height=\"258\" srcset=\"https:\/\/www.lecirqueenherbe.com\/wp-content\/uploads\/2020\/01\/IMG_20170911_174551_886-819x1024.jpg 819w, https:\/\/www.lecirqueenherbe.com\/wp-content\/uploads\/2020\/01\/IMG_20170911_174551_886-240x300.jpg 240w, https:\/\/www.lecirqueenherbe.com\/wp-content\/uploads\/2020\/01\/IMG_20170911_174551_886-768x960.jpg 768w, https:\/\/www.lecirqueenherbe.com\/wp-content\/uploads\/2020\/01\/IMG_20170911_174551_886.jpg 900w\" sizes=\"auto, (max-width: 206px) 100vw, 206px\" \/><\/figure><\/div>\n","protected":false},"excerpt":{"rendered":"<p>L&#8217;\u00e9t\u00e9 2017, c&#8217;est une rencontre quelque peu hasardeuse qui r\u00e9unit Circo B\u00e9nin et Le Cirque en Herbe \u00e0 Cotonou. Les deux associations \u00e9changent sur leurs ambitions d&#8217;exporter les Arts du cirque dans le monde. Et pourquoi ne pas commencer au B\u00e9nin? L\u00e0 o\u00f9 Circo B\u00e9nin avait d\u00e9j\u00e0 men\u00e9 son bout de chemin depuis quelques ann\u00e9es.Ils s&#8217;associent donc le temps du projet \u00ab&nbsp;La 1\u00e8re Convention Africaine de Jonglerie&nbsp;\u00bb.Les retours sont plus que positifs. Le soutien des acteurs locaux, associ\u00e9 \u00e0 la motivation et \u00e0&nbsp;l&#8217;enthousiasme des jeunes circassiens b\u00e9ninois, les marqueront \u00e0 jamais. Ils d\u00e9cident donc de joindre leurs forces vers un but commun : l\u2019\u00e9closion du cirque au B\u00e9nin. En 2018, Circo Benin a organis\u00e9 avec succ\u00e8s la seconde \u00e9dition de la &#8220;Convention Africaine de Jonglerie&#8221; . Les deux associations esp\u00e8rent joindre leurs forces tr\u00e8s prochainement pour construire ensemble un nouveau projet.<\/p>\n","protected":false},"author":1,"featured_media":0,"parent":0,"menu_order":0,"comment_status":"closed","ping_status":"closed","template":"","meta":{"footnotes":""},"class_list":["post-79","page","type-page","status-publish","hentry"],"_links":{"self":[{"href":"https:\/\/www.lecirqueenherbe.com\/index.php\/wp-json\/wp\/v2\/pages\/79","targetHints":{"allow":["GET"]}}],"collection":[{"href":"https:\/\/www.lecirqueenherbe.com\/index.php\/wp-json\/wp\/v2\/pages"}],"about":[{"href":"https:\/\/www.lecirqueenherbe.com\/index.php\/wp-json\/wp\/v2\/types\/page"}],"author":[{"embeddable":true,"href":"https:\/\/www.lecirqueenherbe.com\/index.php\/wp-json\/wp\/v2\/users\/1"}],"replies":[{"embeddable":true,"href":"https:\/\/www.lecirqueenherbe.com\/index.php\/wp-json\/wp\/v2\/comments?post=79"}],"version-history":[{"count":13,"href":"https:\/\/www.lecirqueenherbe.com\/index.php\/wp-json\/wp\/v2\/pages\/79\/revisions"}],"predecessor-version":[{"id":765,"href":"https:\/\/www.lecirqueenherbe.com\/index.php\/wp-json\/wp\/v2\/pages\/79\/revisions\/765"}],"wp:attachment":[{"href":"https:\/\/www.lecirqueenherbe.com\/index.php\/wp-json\/wp\/v2\/media?parent=79"}],"curies":[{"name":"wp","href":"https:\/\/api.w.org\/{rel}","templated":true}]}}